{"id":13448,"date":"2023-09-23T14:12:55","date_gmt":"2023-09-23T14:12:55","guid":{"rendered":"https:\/\/maiorapostas.com.br\/?page_id=13448"},"modified":"2024-03-23T15:13:53","modified_gmt":"2024-03-23T15:13:53","slug":"guias-de-apostas","status":"publish","type":"page","link":"https:\/\/maiorapostas.com.br\/?page_id=13448","title":{"rendered":"Guias de Apostas"},"content":{"rendered":"\n\n\n<div style=\"height:50px\" aria-hidden=\"true\" class=\"wp-block-spacer\"><\/div>\n\n\n\n<h2 class=\"wp-block-heading\">Porque estudar os guias de apostas?<\/h2>\n\n\n\n<p>O guias de apostas servem justamente para separar os dois tipos de apostadores que existem: os que contam com apenas sorte, ou os que s\u00e3o extremamente profissionais e sabem o que est\u00e3o fazendo. <\/p>\n\n\n\n<p>Olha s\u00f3, n\u00f3s queremos destacar que se voc\u00ea chegou aqui nesta p\u00e1gina, j\u00e1 est\u00e1 muito \u00e0 frente de muitos outros apostadores por a\u00ed.<\/p>\n\n\n\n<p class=\"has-text-color has-link-color wp-elements-32be6191bbba4aec86adc9190624c579\" style=\"color:#00b226\"><strong>Voc\u00ea deve estudar sobre apostas, porque:<\/strong><\/p>\n\n\n\n<p>Deve entender os termos de apostas. Al\u00e9m de compreender a fundo como funciona esse mercado t\u00e3o rent\u00e1vel, e que \u00e9 o que mais cresce atualmente no Brasil, e no mundo.<\/p>\n\n\n\n<p>Existem pessoas que pensam mal das apostas, mas s\u00e3o exatamente estas pessoas que n\u00e3o estudaram, n\u00e3o entendem sobre como o jogo funciona, e talvez j\u00e1 tenham se frustrado algum dia. Mas como voc\u00ea \u00e9 diferente e est\u00e1 disposto a aprender antes de apostar dinheiro real, com certeza vai ter bons resultados e sacar dinheiro dos sites de apostas.<\/p>\n\n\n\n<p>Aqui voc\u00ea encontra todas as informa\u00e7\u00f5es sobre <a href=\"https:\/\/maiorapostas.com.br\/jogos-de-cassino\/\">jogos de cassino<\/a> online e <a href=\"https:\/\/maiorapostas.com.br\/apostas-esportivas\/\">apostas esportivas<\/a>. Guias de apostas b\u00e1sicos sobre como jogar nos <a href=\"https:\/\/maiorapostas.com.br\">sites de apostas<\/a>, estrat\u00e9gias, e guias de t\u00e1ticas avan\u00e7adas, termos importantes que precisa conhecer para se tornar apostador profissional. <\/p>\n\n\n\n<p class=\"has-text-color has-link-color wp-elements-03c77fb55fcb6cbc5fe20a373eb41e9e\" style=\"color:#00b226\"><strong>Navegue por todo nosso site quantas vezes quiser<\/strong><\/p>\n\n\n\n<p>Temos tamb\u00e9m as melhores an\u00e1lises detalhadas de jogos, plataformas de apostas, e apostas esportivas do Brasil. Veja inclusive, not\u00edcias e melhores palpites com odds sobre os principias eventos que ir\u00e3o acontecer. E ainda pode interagir conosco atrav\u00e9s das redes sociais. Desejamos a voc\u00ea boa sorte, bons estudos. Boas apostas, e nos vemos em breve!<\/p>\n\n\n\n<div style=\"height:20px\" aria-hidden=\"true\" class=\"wp-block-spacer\"><\/div>\n\n\n\n<h3 class=\"wp-block-heading\">Ganhou um b\u00f4nus exclusivo!<\/h3>\n\n\n\n<p>Se chegou at\u00e9 aqui, n\u00e3o perca tempo e clique no bot\u00e3o abaixo para participar do nosso canal do <em>Telegram 100% gratuito<\/em> para aprender tudo sobre o mundo das apostas online e ganhar dinheiro de verdade.<\/p>\n\n\n<div class=\"wp-block-image\">\n<figure class=\"aligncenter size-large\"><img loading=\"lazy\" decoding=\"async\" width=\"1024\" height=\"576\" src=\"https:\/\/maiorapostas.com.br\/wp-content\/uploads\/2024\/03\/sites-de-apostas-canal-telegram-gratis-maiorapostas.com_-1024x576.png\" alt=\"sites-de-apostas-canal-telegram-gratis-maiorapostas.com\" class=\"wp-image-22874\" srcset=\"https:\/\/maiorapostas.com.br\/wp-content\/uploads\/2024\/03\/sites-de-apostas-canal-telegram-gratis-maiorapostas.com_-1024x576.png 1024w, https:\/\/maiorapostas.com.br\/wp-content\/uploads\/2024\/03\/sites-de-apostas-canal-telegram-gratis-maiorapostas.com_-300x169.png 300w, https:\/\/maiorapostas.com.br\/wp-content\/uploads\/2024\/03\/sites-de-apostas-canal-telegram-gratis-maiorapostas.com_-768x432.png 768w, https:\/\/maiorapostas.com.br\/wp-content\/uploads\/2024\/03\/sites-de-apostas-canal-telegram-gratis-maiorapostas.com_.png 1200w\" sizes=\"auto, (max-width: 1024px) 100vw, 1024px\" \/><figcaption class=\"wp-element-caption\"><strong>Venha fazer parte da nossa comunidade gratuita do <a href=\"https:\/\/t.me\/maiorapostador\">Telegram<\/a> ainda hoje<\/strong><\/figcaption><\/figure>\n<\/div>\n\n\n<ul class=\"wp-block-social-links has-visible-labels is-style-default is-content-justification-center is-nowrap is-layout-flex wp-container-core-social-links-is-layout-1fb9aab6 wp-block-social-links-is-layout-flex\"><li class=\"wp-social-link wp-social-link-telegram  wp-block-social-link\"><a href=\"https:\/\/t.me\/maiorapostador\" class=\"wp-block-social-link-anchor\"><svg width=\"24\" height=\"24\" viewBox=\"0 0 128 128\" version=\"1.1\" xmlns=\"http:\/\/www.w3.org\/2000\/svg\" aria-hidden=\"true\" focusable=\"false\"><path d=\"M28.9700376,63.3244248 C47.6273373,55.1957357 60.0684594,49.8368063 66.2934036,47.2476366 C84.0668845,39.855031 87.7600616,38.5708563 90.1672227,38.528 C90.6966555,38.5191258 91.8804274,38.6503351 92.6472251,39.2725385 C93.294694,39.7979149 93.4728387,40.5076237 93.5580865,41.0057381 C93.6433345,41.5038525 93.7494885,42.63857 93.6651041,43.5252052 C92.7019529,53.6451182 88.5344133,78.2034783 86.4142057,89.5379542 C85.5170662,94.3339958 83.750571,95.9420841 82.0403991,96.0994568 C78.3237996,96.4414641 75.5015827,93.6432685 71.9018743,91.2836143 C66.2690414,87.5912212 63.0868492,85.2926952 57.6192095,81.6896017 C51.3004058,77.5256038 55.3966232,75.2369981 58.9976911,71.4967761 C59.9401076,70.5179421 76.3155302,55.6232293 76.6324771,54.2720454 C76.6721165,54.1030573 76.7089039,53.4731496 76.3346867,53.1405352 C75.9604695,52.8079208 75.4081573,52.921662 75.0095933,53.0121213 C74.444641,53.1403447 65.4461175,59.0880351 48.0140228,70.8551922 C45.4598218,72.6091037 43.1463059,73.4636682 41.0734751,73.4188859 C38.7883453,73.3695169 34.3926725,72.1268388 31.1249416,71.0646282 C27.1169366,69.7617838 23.931454,69.0729605 24.208838,66.8603276 C24.3533167,65.7078514 25.9403832,64.5292172 28.9700376,63.3244248 Z\" \/><\/svg><span class=\"wp-block-social-link-label\">Telegram<\/span><\/a><\/li><\/ul>\n","protected":false},"excerpt":{"rendered":"<p>Porque estudar os guias de apostas? O guias de apostas servem justamente para separar os dois tipos de apostadores que existem: os que contam com apenas sorte, ou os que s\u00e3o extremamente profissionais e sabem o que est\u00e3o fazendo. Olha s\u00f3, n\u00f3s queremos destacar que se voc\u00ea chegou aqui nesta p\u00e1gina, j\u00e1 est\u00e1 muito \u00e0 [&hellip;]<\/p>\n","protected":false},"author":3,"featured_media":23298,"parent":0,"menu_order":0,"comment_status":"closed","ping_status":"closed","template":"templates\/page-cta-template.php","meta":{"_acf_changed":false,"_uag_custom_page_level_css":"","footnotes":""},"class_list":["post-13448","page","type-page","status-publish","has-post-thumbnail","hentry"],"uagb_featured_image_src":{"full":["https:\/\/maiorapostas.com.br\/wp-content\/uploads\/2024\/03\/guias-de-apostas-1.jpg",1025,578,false],"thumbnail":["https:\/\/maiorapostas.com.br\/wp-content\/uploads\/2024\/03\/guias-de-apostas-1-150x150.jpg",150,150,true],"medium":["https:\/\/maiorapostas.com.br\/wp-content\/uploads\/2024\/03\/guias-de-apostas-1-300x169.jpg",300,169,true],"medium_large":["https:\/\/maiorapostas.com.br\/wp-content\/uploads\/2024\/03\/guias-de-apostas-1-768x433.jpg",768,433,true],"large":["https:\/\/maiorapostas.com.br\/wp-content\/uploads\/2024\/03\/guias-de-apostas-1.jpg",1024,577,false],"1536x1536":["https:\/\/maiorapostas.com.br\/wp-content\/uploads\/2024\/03\/guias-de-apostas-1.jpg",1025,578,false],"2048x2048":["https:\/\/maiorapostas.com.br\/wp-content\/uploads\/2024\/03\/guias-de-apostas-1.jpg",1025,578,false]},"uagb_author_info":{"display_name":"Thamillin","author_link":"https:\/\/maiorapostas.com.br\/?author=3"},"uagb_comment_info":0,"uagb_excerpt":"Porque estudar os guias de apostas? O guias de apostas servem justamente para separar os dois tipos de apostadores que existem: os que contam com apenas sorte, ou os que s\u00e3o extremamente profissionais e sabem o que est\u00e3o fazendo. Olha s\u00f3, n\u00f3s queremos destacar que se voc\u00ea chegou aqui nesta p\u00e1gina, j\u00e1 est\u00e1 muito \u00e0&hellip;","acf":[],"_links":{"self":[{"href":"https:\/\/maiorapostas.com.br\/index.php?rest_route=\/wp\/v2\/pages\/13448","targetHints":{"allow":["GET"]}}],"collection":[{"href":"https:\/\/maiorapostas.com.br\/index.php?rest_route=\/wp\/v2\/pages"}],"about":[{"href":"https:\/\/maiorapostas.com.br\/index.php?rest_route=\/wp\/v2\/types\/page"}],"author":[{"embeddable":true,"href":"https:\/\/maiorapostas.com.br\/index.php?rest_route=\/wp\/v2\/users\/3"}],"replies":[{"embeddable":true,"href":"https:\/\/maiorapostas.com.br\/index.php?rest_route=%2Fwp%2Fv2%2Fcomments&post=13448"}],"version-history":[{"count":9,"href":"https:\/\/maiorapostas.com.br\/index.php?rest_route=\/wp\/v2\/pages\/13448\/revisions"}],"predecessor-version":[{"id":23299,"href":"https:\/\/maiorapostas.com.br\/index.php?rest_route=\/wp\/v2\/pages\/13448\/revisions\/23299"}],"wp:featuredmedia":[{"embeddable":true,"href":"https:\/\/maiorapostas.com.br\/index.php?rest_route=\/wp\/v2\/media\/23298"}],"wp:attachment":[{"href":"https:\/\/maiorapostas.com.br\/index.php?rest_route=%2Fwp%2Fv2%2Fmedia&parent=13448"}],"curies":[{"name":"wp","href":"https:\/\/api.w.org\/{rel}","templated":true}]}}