{"id":9505,"date":"2023-08-24T22:29:09","date_gmt":"2023-08-24T22:29:09","guid":{"rendered":"https:\/\/maiorapostas.com.br\/?page_id=9505"},"modified":"2024-06-27T00:11:19","modified_gmt":"2024-06-27T00:11:19","slug":"jogo-responsavel","status":"publish","type":"page","link":"https:\/\/maiorapostas.com.br\/?page_id=9505","title":{"rendered":"Jogo Respons\u00e1vel"},"content":{"rendered":"\t\t\t\t<div class = \"wp-block-uagb-lottie\">\n\t\t\t\t\t<div class = \"uagb-block-9ac25f6d uagb-lottie__outer-wrap uagb-lottie__center    \" style=\"\">\n\t\t\t\t\t<\/div>\n\t\t\t\t<\/div>\n\t\t\t\n\n\n<h2 class=\"wp-block-heading\">Jogo Respons\u00e1vel nas Casas de Apostas Online: Um Compromisso Necess\u00e1rio para a Divers\u00e3o Sustent\u00e1vel<\/h2>\n\n\n\n<hr class=\"wp-block-separator has-text-color has-alpha-channel-opacity has-background is-style-wide\" style=\"background-color:#00b226;color:#00b226\"\/>\n\n\n<div class=\"wp-block-image\">\n<figure class=\"aligncenter size-full is-resized\"><img loading=\"lazy\" decoding=\"async\" width=\"851\" height=\"215\" src=\"https:\/\/maiorapostas.com.br\/wp-content\/uploads\/2024\/06\/Jogo-responsavel-para-maiores-de-18-anos-maior-apostas.png\" alt=\"Jogo-responsavel-para-maiores-de-18-anos-maior-apostas\" class=\"wp-image-26515\" style=\"width:1063px;height:auto\" srcset=\"https:\/\/maiorapostas.com.br\/wp-content\/uploads\/2024\/06\/Jogo-responsavel-para-maiores-de-18-anos-maior-apostas.png 851w, https:\/\/maiorapostas.com.br\/wp-content\/uploads\/2024\/06\/Jogo-responsavel-para-maiores-de-18-anos-maior-apostas-300x76.png 300w, https:\/\/maiorapostas.com.br\/wp-content\/uploads\/2024\/06\/Jogo-responsavel-para-maiores-de-18-anos-maior-apostas-768x194.png 768w, https:\/\/maiorapostas.com.br\/wp-content\/uploads\/2024\/06\/Jogo-responsavel-para-maiores-de-18-anos-maior-apostas-150x38.png 150w\" sizes=\"auto, (max-width: 851px) 100vw, 851px\" \/><\/figure>\n<\/div>\n\n\n<h3 class=\"wp-block-heading\">Se voc\u00ea precisa de ajuda com v\u00edcios em jogos, por favor entre em contato com \u00f3rg\u00e3os respons\u00e1veis como:<\/h3>\n\n\n\n<div class=\"wp-block-buttons is-horizontal is-content-justification-center is-layout-flex wp-container-core-buttons-is-layout-937ffba9 wp-block-buttons-is-layout-flex\">\n<div class=\"wp-block-button\"><a class=\"wp-block-button__link has-white-color has-text-color has-background has-link-color wp-element-button\" href=\"https:\/\/www.gamcare.org.uk\" style=\"background-color:#fad90030\"><strong>GamCare<\/strong><\/a><\/div>\n\n\n\n<div class=\"wp-block-button\"><a class=\"wp-block-button__link has-white-color has-text-color has-background has-link-color wp-element-button\" href=\"https:\/\/www.gamblingtherapy.org\/\" style=\"background-color:#fad90030\"><strong>Gambling Teraphy<\/strong><\/a><\/div>\n\n\n\n<div class=\"wp-block-button\"><a class=\"wp-block-button__link has-white-color has-text-color has-background has-link-color wp-element-button\" href=\"https:\/\/www.gambleaware.org\/\" style=\"background-color:#fad90030\"><strong>Gamble Aware<\/strong><\/a><\/div>\n<\/div>\n\n\n\n<p>O crescimento exponencial das <a href=\"https:\/\/maiorapostas.com.br\/\">casas de apostas<\/a> online trouxe consigo uma s\u00e9rie de oportunidades para os entusiastas de jogos de cassino em todo o mundo. <\/p>\n\n\n\n<p>No entanto, essa conveni\u00eancia e acessibilidade tamb\u00e9m levantaram preocupa\u00e7\u00f5es sobre os poss\u00edveis impactos negativos do jogo excessivo e irrespons\u00e1vel.  \u00c9 nesse contexto que surge a import\u00e2ncia do jogo respons\u00e1vel, uma abordagem que visa equilibrar a divers\u00e3o do jogo com a prote\u00e7\u00e3o dos jogadores vulner\u00e1veis. <\/p>\n\n\n\n<p>Neste texto, exploraremos em detalhes o conceito de jogo respons\u00e1vel nas casas de apostas e <a href=\"https:\/\/maiorapostas.com.br\/cassinos-online\/\">cassinos online<\/a>, discutindo suas caracter\u00edsticas, iniciativas relevantes, ferramentas dispon\u00edveis e o papel das pr\u00f3prias plataformas e dos jogadores na promo\u00e7\u00e3o de um ambiente de jogo seguro e sustent\u00e1vel.<\/p>\n\n\n\n<div style=\"height:10px\" aria-hidden=\"true\" class=\"wp-block-spacer\"><\/div>\n\n\n\n<p><\/p>\n\n\n\n<h2 class=\"wp-block-heading\">O Que \u00e9 Jogo Respons\u00e1vel?<\/h2>\n\n\n\n<p>O jogo respons\u00e1vel \u00e9 uma abordagem que se concentra na promo\u00e7\u00e3o da divers\u00e3o saud\u00e1vel e consciente nos jogos de azar, enquanto protege os indiv\u00edduos vulner\u00e1veis dos danos associados ao jogo excessivo. <\/p>\n\n\n\n<p>Envolve uma s\u00e9rie de pr\u00e1ticas e medidas que visam mitigar os riscos potenciais do jogo, como problemas financeiros, emocionais e sociais. O jogo respons\u00e1vel se baseia na ideia de que o jogo deve ser uma forma de entretenimento e n\u00e3o deve causar danos significativos \u00e0 vida dos jogadores.<\/p>\n\n\n\t\t\t\t<div class = \"wp-block-uagb-lottie\">\n\t\t\t\t\t<div class = \"uagb-block-c77f00b1 uagb-lottie__outer-wrap uagb-lottie__center    \" style=\"\">\n\t\t\t\t\t<\/div>\n\t\t\t\t<\/div>\n\t\t\t\n\n\n<div style=\"height:10px\" aria-hidden=\"true\" class=\"wp-block-spacer\"><\/div>\n\n\n\n<h3 class=\"wp-block-heading\">Caracter\u00edsticas do Jogo Respons\u00e1vel<\/h3>\n\n\n\n<div class=\"wp-block-uagb-icon-list uagb-block-c9009c74\"><div class=\"uagb-icon-list__wrap\">\n<div class=\"wp-block-uagb-icon-list-child uagb-block-2d34bd0c\"><span class=\"uagb-icon-list__source-wrap\"><svg xmlns=\"https:\/\/www.w3.org\/2000\/svg\" viewBox=\"0 0 448 512\"><path d=\"M246.6 233.4l-160-160c-12.5-12.5-32.75-12.5-45.25 0s-12.5 32.75 0 45.25L178.8 256l-137.4 137.4c-12.5 12.5-12.5 32.75 0 45.25C47.63 444.9 55.81 448 64 448s16.38-3.125 22.62-9.375l160-160C259.1 266.1 259.1 245.9 246.6 233.4zM438.6 233.4l-160-160c-12.5-12.5-32.75-12.5-45.25 0s-12.5 32.75 0 45.25L370.8 256l-137.4 137.4c-12.5 12.5-12.5 32.75 0 45.25C239.6 444.9 247.8 448 256 448s16.38-3.125 22.62-9.375l160-160C451.1 266.1 451.1 245.9 438.6 233.4z\"><\/path><\/svg><\/span><span class=\"uagb-icon-list__label\"><strong>Conscientiza\u00e7\u00e3o<\/strong>: A conscientiza\u00e7\u00e3o sobre os riscos e benef\u00edcios do jogo \u00e9 um pilar fundamental do jogo respons\u00e1vel. Os jogadores devem estar cientes das probabilidades, das poss\u00edveis consequ\u00eancias financeiras e dos sinais de comportamento problem\u00e1tico.<\/span><\/div>\n\n\n\n<div class=\"wp-block-uagb-icon-list-child uagb-block-8afbc5c1\"><span class=\"uagb-icon-list__source-wrap\"><svg xmlns=\"https:\/\/www.w3.org\/2000\/svg\" viewBox=\"0 0 448 512\"><path d=\"M246.6 233.4l-160-160c-12.5-12.5-32.75-12.5-45.25 0s-12.5 32.75 0 45.25L178.8 256l-137.4 137.4c-12.5 12.5-12.5 32.75 0 45.25C47.63 444.9 55.81 448 64 448s16.38-3.125 22.62-9.375l160-160C259.1 266.1 259.1 245.9 246.6 233.4zM438.6 233.4l-160-160c-12.5-12.5-32.75-12.5-45.25 0s-12.5 32.75 0 45.25L370.8 256l-137.4 137.4c-12.5 12.5-12.5 32.75 0 45.25C239.6 444.9 247.8 448 256 448s16.38-3.125 22.62-9.375l160-160C451.1 266.1 451.1 245.9 438.6 233.4z\"><\/path><\/svg><\/span><span class=\"uagb-icon-list__label\"><strong>Limites de Gastos<\/strong>: Definir limites de gastos \u00e9 uma pr\u00e1tica recomendada para evitar gastos excessivos. As casas de apostas online geralmente oferecem aos jogadores a op\u00e7\u00e3o de definir limites di\u00e1rios, semanais ou mensais para dep\u00f3sitos e perdas.<\/span><\/div>\n\n\n\n<div class=\"wp-block-uagb-icon-list-child uagb-block-3367d3bf\"><span class=\"uagb-icon-list__source-wrap\"><svg xmlns=\"https:\/\/www.w3.org\/2000\/svg\" viewBox=\"0 0 448 512\"><path d=\"M246.6 233.4l-160-160c-12.5-12.5-32.75-12.5-45.25 0s-12.5 32.75 0 45.25L178.8 256l-137.4 137.4c-12.5 12.5-12.5 32.75 0 45.25C47.63 444.9 55.81 448 64 448s16.38-3.125 22.62-9.375l160-160C259.1 266.1 259.1 245.9 246.6 233.4zM438.6 233.4l-160-160c-12.5-12.5-32.75-12.5-45.25 0s-12.5 32.75 0 45.25L370.8 256l-137.4 137.4c-12.5 12.5-12.5 32.75 0 45.25C239.6 444.9 247.8 448 256 448s16.38-3.125 22.62-9.375l160-160C451.1 266.1 451.1 245.9 438.6 233.4z\"><\/path><\/svg><\/span><span class=\"uagb-icon-list__label\"><strong>Autoexclus\u00e3o<\/strong>: A autoexclus\u00e3o permite que os jogadores se afastem temporariamente ou permanentemente das atividades de jogo. Isso \u00e9 especialmente \u00fatil para aqueles que sentem que est\u00e3o perdendo o controle sobre seus h\u00e1bitos de jogo.<\/span><\/div>\n\n\n\n<div class=\"wp-block-uagb-icon-list-child uagb-block-3f58fe3b\"><span class=\"uagb-icon-list__source-wrap\"><svg xmlns=\"https:\/\/www.w3.org\/2000\/svg\" viewBox=\"0 0 448 512\"><path d=\"M246.6 233.4l-160-160c-12.5-12.5-32.75-12.5-45.25 0s-12.5 32.75 0 45.25L178.8 256l-137.4 137.4c-12.5 12.5-12.5 32.75 0 45.25C47.63 444.9 55.81 448 64 448s16.38-3.125 22.62-9.375l160-160C259.1 266.1 259.1 245.9 246.6 233.4zM438.6 233.4l-160-160c-12.5-12.5-32.75-12.5-45.25 0s-12.5 32.75 0 45.25L370.8 256l-137.4 137.4c-12.5 12.5-12.5 32.75 0 45.25C239.6 444.9 247.8 448 256 448s16.38-3.125 22.62-9.375l160-160C451.1 266.1 451.1 245.9 438.6 233.4z\"><\/path><\/svg><\/span><span class=\"uagb-icon-list__label\"><strong>Verifica\u00e7\u00e3o de Idade e Identidade<\/strong>: As casas de apostas devem implementar rigorosas verifica\u00e7\u00f5es de idade e identidade para garantir que os jogadores sejam maiores de idade e estejam jogando legalmente.<\/span><\/div>\n\n\n\n<div class=\"wp-block-uagb-icon-list-child uagb-block-0f27222b\"><span class=\"uagb-icon-list__source-wrap\"><svg xmlns=\"https:\/\/www.w3.org\/2000\/svg\" viewBox=\"0 0 448 512\"><path d=\"M246.6 233.4l-160-160c-12.5-12.5-32.75-12.5-45.25 0s-12.5 32.75 0 45.25L178.8 256l-137.4 137.4c-12.5 12.5-12.5 32.75 0 45.25C47.63 444.9 55.81 448 64 448s16.38-3.125 22.62-9.375l160-160C259.1 266.1 259.1 245.9 246.6 233.4zM438.6 233.4l-160-160c-12.5-12.5-32.75-12.5-45.25 0s-12.5 32.75 0 45.25L370.8 256l-137.4 137.4c-12.5 12.5-12.5 32.75 0 45.25C239.6 444.9 247.8 448 256 448s16.38-3.125 22.62-9.375l160-160C451.1 266.1 451.1 245.9 438.6 233.4z\"><\/path><\/svg><\/span><span class=\"uagb-icon-list__label\"><strong>Acesso a Informa\u00e7\u00f5es de Ajuda<\/strong>: As plataformas de apostas devem fornecer informa\u00e7\u00f5es claras sobre onde os jogadores podem buscar ajuda em caso de problemas relacionados ao jogo.<\/span><\/div>\n<\/div><\/div>\n\n\n\n<div style=\"height:10px\" aria-hidden=\"true\" class=\"wp-block-spacer\"><\/div>\n\n\n\n<h2 class=\"wp-block-heading\">Iniciativas e Ferramentas para Jogo Respons\u00e1vel<\/h2>\n\n\n\n<div class=\"wp-block-uagb-icon-list uagb-block-bad07e5d\"><div class=\"uagb-icon-list__wrap\">\n<div class=\"wp-block-uagb-icon-list-child uagb-block-b9ce8a0a\"><span class=\"uagb-icon-list__source-wrap\"><svg xmlns=\"https:\/\/www.w3.org\/2000\/svg\" viewBox=\"0 0 448 512\"><path d=\"M246.6 233.4l-160-160c-12.5-12.5-32.75-12.5-45.25 0s-12.5 32.75 0 45.25L178.8 256l-137.4 137.4c-12.5 12.5-12.5 32.75 0 45.25C47.63 444.9 55.81 448 64 448s16.38-3.125 22.62-9.375l160-160C259.1 266.1 259.1 245.9 246.6 233.4zM438.6 233.4l-160-160c-12.5-12.5-32.75-12.5-45.25 0s-12.5 32.75 0 45.25L370.8 256l-137.4 137.4c-12.5 12.5-12.5 32.75 0 45.25C239.6 444.9 247.8 448 256 448s16.38-3.125 22.62-9.375l160-160C451.1 266.1 451.1 245.9 438.6 233.4z\"><\/path><\/svg><\/span><span class=\"uagb-icon-list__label\"><strong>Programas de Treinamento para Funcion\u00e1rios<\/strong>: As equipes das casas de apostas online devem ser treinadas para identificar sinais de comportamento problem\u00e1tico e intervir adequadamente.<\/span><\/div>\n\n\n\n<div class=\"wp-block-uagb-icon-list-child uagb-block-d93a07eb\"><span class=\"uagb-icon-list__source-wrap\"><svg xmlns=\"https:\/\/www.w3.org\/2000\/svg\" viewBox=\"0 0 448 512\"><path d=\"M246.6 233.4l-160-160c-12.5-12.5-32.75-12.5-45.25 0s-12.5 32.75 0 45.25L178.8 256l-137.4 137.4c-12.5 12.5-12.5 32.75 0 45.25C47.63 444.9 55.81 448 64 448s16.38-3.125 22.62-9.375l160-160C259.1 266.1 259.1 245.9 246.6 233.4zM438.6 233.4l-160-160c-12.5-12.5-32.75-12.5-45.25 0s-12.5 32.75 0 45.25L370.8 256l-137.4 137.4c-12.5 12.5-12.5 32.75 0 45.25C239.6 444.9 247.8 448 256 448s16.38-3.125 22.62-9.375l160-160C451.1 266.1 451.1 245.9 438.6 233.4z\"><\/path><\/svg><\/span><span class=\"uagb-icon-list__label\"><strong>Ferramentas de Autocontrole<\/strong>: Muitas plataformas oferecem ferramentas que permitem aos jogadores definir limites de tempo de jogo, limites de gastos e alertas de sess\u00e3o.<\/span><\/div>\n\n\n\n<div class=\"wp-block-uagb-icon-list-child uagb-block-f39292bf\"><span class=\"uagb-icon-list__source-wrap\"><svg xmlns=\"https:\/\/www.w3.org\/2000\/svg\" viewBox=\"0 0 448 512\"><path d=\"M246.6 233.4l-160-160c-12.5-12.5-32.75-12.5-45.25 0s-12.5 32.75 0 45.25L178.8 256l-137.4 137.4c-12.5 12.5-12.5 32.75 0 45.25C47.63 444.9 55.81 448 64 448s16.38-3.125 22.62-9.375l160-160C259.1 266.1 259.1 245.9 246.6 233.4zM438.6 233.4l-160-160c-12.5-12.5-32.75-12.5-45.25 0s-12.5 32.75 0 45.25L370.8 256l-137.4 137.4c-12.5 12.5-12.5 32.75 0 45.25C239.6 444.9 247.8 448 256 448s16.38-3.125 22.62-9.375l160-160C451.1 266.1 451.1 245.9 438.6 233.4z\"><\/path><\/svg><\/span><span class=\"uagb-icon-list__label\"><strong>Assist\u00eancia Profissional<\/strong>: As casas de apostas frequentemente colaboram com organiza\u00e7\u00f5es de apoio ao jogo respons\u00e1vel para oferecer ajuda profissional aos jogadores que enfrentam problemas.<\/span><\/div>\n\n\n\n<div class=\"wp-block-uagb-icon-list-child uagb-block-92001795\"><span class=\"uagb-icon-list__source-wrap\"><svg xmlns=\"https:\/\/www.w3.org\/2000\/svg\" viewBox=\"0 0 448 512\"><path d=\"M246.6 233.4l-160-160c-12.5-12.5-32.75-12.5-45.25 0s-12.5 32.75 0 45.25L178.8 256l-137.4 137.4c-12.5 12.5-12.5 32.75 0 45.25C47.63 444.9 55.81 448 64 448s16.38-3.125 22.62-9.375l160-160C259.1 266.1 259.1 245.9 246.6 233.4zM438.6 233.4l-160-160c-12.5-12.5-32.75-12.5-45.25 0s-12.5 32.75 0 45.25L370.8 256l-137.4 137.4c-12.5 12.5-12.5 32.75 0 45.25C239.6 444.9 247.8 448 256 448s16.38-3.125 22.62-9.375l160-160C451.1 266.1 451.1 245.9 438.6 233.4z\"><\/path><\/svg><\/span><span class=\"uagb-icon-list__label\"><strong>Campanhas de Conscientiza\u00e7\u00e3o<\/strong>: As empresas de jogos de azar muitas vezes realizam campanhas de conscientiza\u00e7\u00e3o para informar os jogadores sobre os riscos do jogo excessivo e as pr\u00e1ticas de jogo respons\u00e1vel.<\/span><\/div>\n<\/div><\/div>\n\n\n\n<div style=\"height:10px\" aria-hidden=\"true\" class=\"wp-block-spacer\"><\/div>\n\n\n\n<h2 class=\"wp-block-heading\">O Papel das Casas de Apostas e dos Jogadores<\/h2>\n\n\n\n<p>As casas de apostas online t\u00eam uma responsabilidade significativa na promo\u00e7\u00e3o do jogo respons\u00e1vel. Isso envolve a implementa\u00e7\u00e3o de pr\u00e1ticas que reduzam os riscos para os jogadores, a conformidade com regulamenta\u00e7\u00f5es rigorosas e a promo\u00e7\u00e3o de um ambiente seguro. Algumas medidas que as casas de apostas podem adotar incluem:<\/p>\n\n\n\n<div class=\"wp-block-uagb-icon-list uagb-block-96c7e026\"><div class=\"uagb-icon-list__wrap\">\n<div class=\"wp-block-uagb-icon-list-child uagb-block-d690e7be\"><span class=\"uagb-icon-list__source-wrap\"><svg xmlns=\"https:\/\/www.w3.org\/2000\/svg\" viewBox=\"0 0 448 512\"><path d=\"M246.6 233.4l-160-160c-12.5-12.5-32.75-12.5-45.25 0s-12.5 32.75 0 45.25L178.8 256l-137.4 137.4c-12.5 12.5-12.5 32.75 0 45.25C47.63 444.9 55.81 448 64 448s16.38-3.125 22.62-9.375l160-160C259.1 266.1 259.1 245.9 246.6 233.4zM438.6 233.4l-160-160c-12.5-12.5-32.75-12.5-45.25 0s-12.5 32.75 0 45.25L370.8 256l-137.4 137.4c-12.5 12.5-12.5 32.75 0 45.25C239.6 444.9 247.8 448 256 448s16.38-3.125 22.62-9.375l160-160C451.1 266.1 451.1 245.9 438.6 233.4z\"><\/path><\/svg><\/span><span class=\"uagb-icon-list__label\"><strong>Verifica\u00e7\u00e3o de Idade e Identifica\u00e7\u00e3o<\/strong>: Garantir que os jogadores sejam maiores de idade \u00e9 crucial para prevenir o acesso de menores aos jogos de azar.<\/span><\/div>\n\n\n\n<div class=\"wp-block-uagb-icon-list-child uagb-block-52b65340\"><span class=\"uagb-icon-list__source-wrap\"><svg xmlns=\"https:\/\/www.w3.org\/2000\/svg\" viewBox=\"0 0 448 512\"><path d=\"M246.6 233.4l-160-160c-12.5-12.5-32.75-12.5-45.25 0s-12.5 32.75 0 45.25L178.8 256l-137.4 137.4c-12.5 12.5-12.5 32.75 0 45.25C47.63 444.9 55.81 448 64 448s16.38-3.125 22.62-9.375l160-160C259.1 266.1 259.1 245.9 246.6 233.4zM438.6 233.4l-160-160c-12.5-12.5-32.75-12.5-45.25 0s-12.5 32.75 0 45.25L370.8 256l-137.4 137.4c-12.5 12.5-12.5 32.75 0 45.25C239.6 444.9 247.8 448 256 448s16.38-3.125 22.62-9.375l160-160C451.1 266.1 451.1 245.9 438.6 233.4z\"><\/path><\/svg><\/span><span class=\"uagb-icon-list__label\"><strong>Fornecimento de Informa\u00e7\u00f5es<\/strong>: Disponibilizar informa\u00e7\u00f5es claras sobre as regras do jogo, probabilidades de ganho e perda, e mecanismos de suporte dispon\u00edveis.<\/span><\/div>\n\n\n\n<div class=\"wp-block-uagb-icon-list-child uagb-block-0e7bdd9c\"><span class=\"uagb-icon-list__source-wrap\"><svg xmlns=\"https:\/\/www.w3.org\/2000\/svg\" viewBox=\"0 0 448 512\"><path d=\"M246.6 233.4l-160-160c-12.5-12.5-32.75-12.5-45.25 0s-12.5 32.75 0 45.25L178.8 256l-137.4 137.4c-12.5 12.5-12.5 32.75 0 45.25C47.63 444.9 55.81 448 64 448s16.38-3.125 22.62-9.375l160-160C259.1 266.1 259.1 245.9 246.6 233.4zM438.6 233.4l-160-160c-12.5-12.5-32.75-12.5-45.25 0s-12.5 32.75 0 45.25L370.8 256l-137.4 137.4c-12.5 12.5-12.5 32.75 0 45.25C239.6 444.9 247.8 448 256 448s16.38-3.125 22.62-9.375l160-160C451.1 266.1 451.1 245.9 438.6 233.4z\"><\/path><\/svg><\/span><span class=\"uagb-icon-list__label\"><strong>Limites de Dep\u00f3sito e Perda<\/strong>: Oferecer aos jogadores a capacidade de definir limites de dep\u00f3sito e perda ajuda a controlar gastos excessivos.<\/span><\/div>\n\n\n\n<div class=\"wp-block-uagb-icon-list-child uagb-block-c1ba4351\"><span class=\"uagb-icon-list__source-wrap\"><svg xmlns=\"https:\/\/www.w3.org\/2000\/svg\" viewBox=\"0 0 448 512\"><path d=\"M246.6 233.4l-160-160c-12.5-12.5-32.75-12.5-45.25 0s-12.5 32.75 0 45.25L178.8 256l-137.4 137.4c-12.5 12.5-12.5 32.75 0 45.25C47.63 444.9 55.81 448 64 448s16.38-3.125 22.62-9.375l160-160C259.1 266.1 259.1 245.9 246.6 233.4zM438.6 233.4l-160-160c-12.5-12.5-32.75-12.5-45.25 0s-12.5 32.75 0 45.25L370.8 256l-137.4 137.4c-12.5 12.5-12.5 32.75 0 45.25C239.6 444.9 247.8 448 256 448s16.38-3.125 22.62-9.375l160-160C451.1 266.1 451.1 245.9 438.6 233.4z\"><\/path><\/svg><\/span><span class=\"uagb-icon-list__label\"><strong>Ferramentas de Autoexclus\u00e3o<\/strong>: Implementar sistemas eficazes de autoexclus\u00e3o para permitir que os jogadores se afastem temporariamente ou permanentemente.<\/span><\/div>\n<\/div><\/div>\n\n\n\n<h4 class=\"wp-block-heading has-black-color has-text-color has-link-color wp-elements-f07621f366c65014537eeeb0e83d0db3\">Os pr\u00f3prios jogadores tamb\u00e9m desempenham um papel crucial no jogo respons\u00e1vel<\/h4>\n\n\n\n<p class=\"has-luminous-vivid-orange-color has-text-color has-link-color wp-elements-c7a8738e63bebe4db7094d81ca5492f8\"><strong> Aqui est\u00e3o algumas medidas que os jogadores podem adotar:<\/strong><\/p>\n\n\n\n<div class=\"wp-block-uagb-icon-list uagb-block-956d0c95\"><div class=\"uagb-icon-list__wrap\">\n<div class=\"wp-block-uagb-icon-list-child uagb-block-addecfe9\"><span class=\"uagb-icon-list__source-wrap\"><svg xmlns=\"https:\/\/www.w3.org\/2000\/svg\" viewBox=\"0 0 512 512\"><path d=\"M256 0C114.6 0 0 114.6 0 256c0 141.4 114.6 256 256 256s256-114.6 256-256C512 114.6 397.4 0 256 0zM406.6 278.6l-103.1 103.1c-12.5 12.5-32.75 12.5-45.25 0s-12.5-32.75 0-45.25L306.8 288H128C110.3 288 96 273.7 96 256s14.31-32 32-32h178.8l-49.38-49.38c-12.5-12.5-12.5-32.75 0-45.25s32.75-12.5 45.25 0l103.1 103.1C414.6 241.3 416 251.1 416 256C416 260.9 414.6 270.7 406.6 278.6z\"><\/path><\/svg><\/span><span class=\"uagb-icon-list__label\"><strong>Autoconhecimento<\/strong>: Estar ciente de seus pr\u00f3prios limites e comportamentos em rela\u00e7\u00e3o ao jogo \u00e9 essencial.<\/span><\/div>\n\n\n\n<div class=\"wp-block-uagb-icon-list-child uagb-block-3c9a7bbd\"><span class=\"uagb-icon-list__source-wrap\"><svg xmlns=\"https:\/\/www.w3.org\/2000\/svg\" viewBox=\"0 0 512 512\"><path d=\"M256 0C114.6 0 0 114.6 0 256c0 141.4 114.6 256 256 256s256-114.6 256-256C512 114.6 397.4 0 256 0zM406.6 278.6l-103.1 103.1c-12.5 12.5-32.75 12.5-45.25 0s-12.5-32.75 0-45.25L306.8 288H128C110.3 288 96 273.7 96 256s14.31-32 32-32h178.8l-49.38-49.38c-12.5-12.5-12.5-32.75 0-45.25s32.75-12.5 45.25 0l103.1 103.1C414.6 241.3 416 251.1 416 256C416 260.9 414.6 270.7 406.6 278.6z\"><\/path><\/svg><\/span><span class=\"uagb-icon-list__label\"><strong>Definir Limites<\/strong>: Estabelecer limites claros de tempo e dinheiro gasto no jogo.<\/span><\/div>\n\n\n\n<div class=\"wp-block-uagb-icon-list-child uagb-block-214c0e05\"><span class=\"uagb-icon-list__source-wrap\"><svg xmlns=\"https:\/\/www.w3.org\/2000\/svg\" viewBox=\"0 0 512 512\"><path d=\"M256 0C114.6 0 0 114.6 0 256c0 141.4 114.6 256 256 256s256-114.6 256-256C512 114.6 397.4 0 256 0zM406.6 278.6l-103.1 103.1c-12.5 12.5-32.75 12.5-45.25 0s-12.5-32.75 0-45.25L306.8 288H128C110.3 288 96 273.7 96 256s14.31-32 32-32h178.8l-49.38-49.38c-12.5-12.5-12.5-32.75 0-45.25s32.75-12.5 45.25 0l103.1 103.1C414.6 241.3 416 251.1 416 256C416 260.9 414.6 270.7 406.6 278.6z\"><\/path><\/svg><\/span><span class=\"uagb-icon-list__label\"><strong>Buscar Ajuda<\/strong>: Se sentir que o jogo est\u00e1 se tornando problem\u00e1tico, buscar ajuda profissional \u00e9 fundamental.<\/span><\/div>\n\n\n\n<div class=\"wp-block-uagb-icon-list-child uagb-block-41e4f9eb\"><span class=\"uagb-icon-list__source-wrap\"><svg xmlns=\"https:\/\/www.w3.org\/2000\/svg\" viewBox=\"0 0 512 512\"><path d=\"M256 0C114.6 0 0 114.6 0 256c0 141.4 114.6 256 256 256s256-114.6 256-256C512 114.6 397.4 0 256 0zM406.6 278.6l-103.1 103.1c-12.5 12.5-32.75 12.5-45.25 0s-12.5-32.75 0-45.25L306.8 288H128C110.3 288 96 273.7 96 256s14.31-32 32-32h178.8l-49.38-49.38c-12.5-12.5-12.5-32.75 0-45.25s32.75-12.5 45.25 0l103.1 103.1C414.6 241.3 416 251.1 416 256C416 260.9 414.6 270.7 406.6 278.6z\"><\/path><\/svg><\/span><span class=\"uagb-icon-list__label\"><strong>Apoiar Outros<\/strong>: Se notar sinais de jogo problem\u00e1tico em amigos ou familiares, encorajar o di\u00e1logo e oferecer apoio.<\/span><\/div>\n<\/div><\/div>\n\n\n\n<div style=\"height:10px\" aria-hidden=\"true\" class=\"wp-block-spacer\"><\/div>\n\n\n\n<h2 class=\"wp-block-heading\">Conclus\u00e3o: Porque fazer um Jogo Respons\u00e1vel?<\/h2>\n\n\n\n<p>Em conclus\u00e3o, o jogo respons\u00e1vel nas casas de apostas online \u00e9 uma quest\u00e3o de extrema import\u00e2ncia para garantir a divers\u00e3o sustent\u00e1vel dos jogadores e proteger os mais vulner\u00e1veis. A conscientiza\u00e7\u00e3o, a educa\u00e7\u00e3o e as medidas de autocontrole desempenham um papel crucial na promo\u00e7\u00e3o de um ambiente de jogo seguro e saud\u00e1vel. Tanto as casas de apostas quanto os pr\u00f3prios jogadores t\u00eam um papel a desempenhar nesse esfor\u00e7o cont\u00ednuo para equilibrar a divers\u00e3o do jogo com a prote\u00e7\u00e3o daqueles que podem ser afetados negativamente pelo jogo irrespons\u00e1vel.<\/p>\n","protected":false},"excerpt":{"rendered":"<p>Jogo Respons\u00e1vel nas Casas de Apostas Online: Um Compromisso Necess\u00e1rio para a Divers\u00e3o Sustent\u00e1vel Se voc\u00ea precisa de ajuda com v\u00edcios em jogos, por favor entre em contato com \u00f3rg\u00e3os respons\u00e1veis como: O crescimento exponencial das casas de apostas online trouxe consigo uma s\u00e9rie de oportunidades para os entusiastas de jogos de cassino em todo [&hellip;]<\/p>\n","protected":false},"author":3,"featured_media":1351,"parent":0,"menu_order":0,"comment_status":"closed","ping_status":"closed","template":"","meta":{"_acf_changed":false,"_uag_custom_page_level_css":"","footnotes":""},"class_list":["post-9505","page","type-page","status-publish","has-post-thumbnail","hentry"],"uagb_featured_image_src":{"full":["https:\/\/maiorapostas.com.br\/wp-content\/uploads\/2022\/03\/COMO-CONSEGUIR-VALOR-ESPERADO-POSITIVO_00005-1.jpg",600,400,false],"thumbnail":["https:\/\/maiorapostas.com.br\/wp-content\/uploads\/2022\/03\/COMO-CONSEGUIR-VALOR-ESPERADO-POSITIVO_00005-1-150x150.jpg",150,150,true],"medium":["https:\/\/maiorapostas.com.br\/wp-content\/uploads\/2022\/03\/COMO-CONSEGUIR-VALOR-ESPERADO-POSITIVO_00005-1-300x200.jpg",300,200,true],"medium_large":["https:\/\/maiorapostas.com.br\/wp-content\/uploads\/2022\/03\/COMO-CONSEGUIR-VALOR-ESPERADO-POSITIVO_00005-1.jpg",600,400,false],"large":["https:\/\/maiorapostas.com.br\/wp-content\/uploads\/2022\/03\/COMO-CONSEGUIR-VALOR-ESPERADO-POSITIVO_00005-1.jpg",600,400,false],"1536x1536":["https:\/\/maiorapostas.com.br\/wp-content\/uploads\/2022\/03\/COMO-CONSEGUIR-VALOR-ESPERADO-POSITIVO_00005-1.jpg",600,400,false],"2048x2048":["https:\/\/maiorapostas.com.br\/wp-content\/uploads\/2022\/03\/COMO-CONSEGUIR-VALOR-ESPERADO-POSITIVO_00005-1.jpg",600,400,false]},"uagb_author_info":{"display_name":"Thamillin","author_link":"https:\/\/maiorapostas.com.br\/?author=3"},"uagb_comment_info":0,"uagb_excerpt":"Jogo Respons\u00e1vel nas Casas de Apostas Online: Um Compromisso Necess\u00e1rio para a Divers\u00e3o Sustent\u00e1vel Se voc\u00ea precisa de ajuda com v\u00edcios em jogos, por favor entre em contato com \u00f3rg\u00e3os respons\u00e1veis como: O crescimento exponencial das casas de apostas online trouxe consigo uma s\u00e9rie de oportunidades para os entusiastas de jogos de cassino em todo&hellip;","acf":[],"_links":{"self":[{"href":"https:\/\/maiorapostas.com.br\/index.php?rest_route=\/wp\/v2\/pages\/9505","targetHints":{"allow":["GET"]}}],"collection":[{"href":"https:\/\/maiorapostas.com.br\/index.php?rest_route=\/wp\/v2\/pages"}],"about":[{"href":"https:\/\/maiorapostas.com.br\/index.php?rest_route=\/wp\/v2\/types\/page"}],"author":[{"embeddable":true,"href":"https:\/\/maiorapostas.com.br\/index.php?rest_route=\/wp\/v2\/users\/3"}],"replies":[{"embeddable":true,"href":"https:\/\/maiorapostas.com.br\/index.php?rest_route=%2Fwp%2Fv2%2Fcomments&post=9505"}],"version-history":[{"count":9,"href":"https:\/\/maiorapostas.com.br\/index.php?rest_route=\/wp\/v2\/pages\/9505\/revisions"}],"predecessor-version":[{"id":26807,"href":"https:\/\/maiorapostas.com.br\/index.php?rest_route=\/wp\/v2\/pages\/9505\/revisions\/26807"}],"wp:featuredmedia":[{"embeddable":true,"href":"https:\/\/maiorapostas.com.br\/index.php?rest_route=\/wp\/v2\/media\/1351"}],"wp:attachment":[{"href":"https:\/\/maiorapostas.com.br\/index.php?rest_route=%2Fwp%2Fv2%2Fmedia&parent=9505"}],"curies":[{"name":"wp","href":"https:\/\/api.w.org\/{rel}","templated":true}]}}